{"id":2884,"date":"2022-12-19T17:01:11","date_gmt":"2022-12-19T16:01:11","guid":{"rendered":"https:\/\/www.verbatel.com\/news\/"},"modified":"2024-04-24T16:04:56","modified_gmt":"2024-04-24T14:04:56","slug":"news","status":"publish","type":"page","link":"https:\/\/www.verbatel.com\/en\/news\/","title":{"rendered":"NEWS"},"content":{"rendered":"<div class=\"vce-row-container\"><div class=\"vce-row vce-row--col-gap-0 vce-row-equal-height vce-row-content--top\" data-vce-full-width=\"true\" id=\"el-00113efd\" data-vce-do-apply=\"all el-00113efd\"><div class=\"vce-content-background-container\"><div class=\"vce-asset-video-embed-container vce-visible-all-only\"><div class=\"vce-asset-video-embed-wrapper\"><div class=\"vce-asset-video-embed-background vce-asset-video-embed--state-landscape\" data-vce-assets-video-embed=\"136\" data-vce-assets-video-replacer=\".vce-asset-video-embed-player\" data-vce-assets-video-orientation-class=\"vce-asset-video-embed--state-landscape\"><svg class=\"vce-asset-video-embed-sizer\" width=\"1920\" height=\"1080\" data-vce-assets-video-state=\"visible\"><\/svg><video class=\"vce-asset-video-embed-player\" playsinline=\"\" loop=\"\"><source src=\"https:\/\/www.verbatel.com\/wp-content\/uploads\/2022\/02\/verbatel-video.mp4\" type=\"video\/mp4\"><\/video><\/div><\/div><\/div><div class=\"vce-asset-color-gradient-container vce-visible-all-only\" data-vce-do-apply=\"gradient el-00113efd\"><\/div><\/div><div class=\"vce-row-content\" data-vce-element-content=\"true\"><div class=\"vce-col vce-col--md-auto vce-col--xs-1 vce-col--xs-last vce-col--xs-first vce-col--sm-last vce-col--sm-first vce-col--md-last vce-col--lg-last vce-col--xl-last vce-col--md-first vce-col--lg-first vce-col--xl-first\" id=\"el-a28e141d\"><div class=\"vce-col-inner\" data-vce-do-apply=\"border margin background  el-a28e141d\"><div class=\"vce-col-content\" data-vce-element-content=\"true\" data-vce-do-apply=\"padding el-a28e141d\"><div class=\"vce-text-block\"><div class=\"vce-text-block-wrapper vce\" id=\"el-6f49d13c\" data-vce-do-apply=\"all el-6f49d13c\"><h1 style=\"text-align: center;\"><span style=\"color: #ffffff;\">NEWS<\/span><\/h1><\/div><\/div><\/div><\/div><\/div><\/div><\/div><\/div><div class=\"vce-row-container\" data-vce-boxed-width=\"true\"><div class=\"vce-row vce-row--col-gap-30 vce-row-equal-height vce-row-content--top\" id=\"el-12c27291\" data-vce-do-apply=\"all el-12c27291\"><div class=\"vce-content-background-container\"><\/div><div class=\"vce-row-content\" data-vce-element-content=\"true\"><div class=\"vce-col vce-col--md-auto vce-col--xs-1 vce-col--xs-last vce-col--xs-first vce-col--sm-last vce-col--sm-first vce-col--md-last vce-col--lg-last vce-col--xl-last vce-col--md-first vce-col--lg-first vce-col--xl-first\" id=\"el-c7889aa1\"><div class=\"vce-col-inner\" data-vce-do-apply=\"border margin background  el-c7889aa1\"><div class=\"vce-content-background-container\"><\/div><div class=\"vce-col-content\" data-vce-element-content=\"true\" data-vce-do-apply=\"padding el-c7889aa1\"><div class=\"vce-posts-grid-container vce-news-grid-container\" style=\"--gapPx: 10px; --columns: 3; --paginationColor: #ffce00; --paginationHoverColor: #f2c300; --paginationActiveColor: #e6b900; --paginationActiveHoverColor: #dab000;\"><div class=\"vce vce-posts-grid-wrapper vce-news-grid-wrapper\" id=\"el-6c61d1c5\" data-vce-do-apply=\"all el-6c61d1c5\"><div class=\"vce-posts-grid-list\"><div class=\"vce-posts-grid-item\"><article class=\"vce-posts-grid-item-inner\"><div class=\"vce-post-description\" style=\"--titleColor:#003254;--excerptColor:#4e4e4e;--authorColor:#ffce00;--metaColor:rgb(62, 61, 61)\"><div class=\"vce-post-description--image\" style=\"background-image:url(https:\/\/www.verbatel.com\/wp-content\/uploads\/2024\/04\/Screenshot-2024-04-15-at-11.58.37.png)\"><a href=\"https:\/\/www.verbatel.com\/en\/anpr-pdnd-polizia-locale\/\" aria-label=\"ANPR - PDND - POLIZIA LOCALE - ATTIVATA INTEGRARZIONE PER I PRIMI 10 COMANDI\"><\/a><\/div><div class=\"vce-post-description--content\"><p class=\"vce-post-description--meta\"><span>Posted <\/span><span class=\"vce-post-description--meta-date\">on <time datetime=\"2024-04-15 13:07:17\">15 April 2024 <\/time><\/span><\/p><h3 class=\"vce-post-description--title\"><a href=\"https:\/\/www.verbatel.com\/en\/anpr-pdnd-polizia-locale\/\">ANPR - PDND - POLIZIA LOCALE - ATTIVATA INTEGRARZIONE PER I PRIMI 10 COMANDI<\/a><\/h3><div class=\"vce-post-description--excerpt\"><p>Oggi \u00e8 stata attivata con successo la decima integrazione con la Piattaforma Digitale Nazionale dei Dati (PDND) per Comandi di Polizia Locale dotati della piattaforma INTR@PM Verbatel. L&#8217;integrazione tramite Indagor Gateway di STESEI\u00a0abilita i Comandi ad interrogare banche dati di ANPR (Anagrafe Nazionale Popolazione Residente) e INAD (Indice Nazionale Domicidi Digitali) per i CASI D&#8217;USO&hellip;<\/p>\n<\/div>\n<\/div><\/div><\/article><\/div><div class=\"vce-posts-grid-item\"><article class=\"vce-posts-grid-item-inner\"><div class=\"vce-post-description\" style=\"--titleColor:#003254;--excerptColor:#4e4e4e;--authorColor:#ffce00;--metaColor:rgb(62, 61, 61)\"><div class=\"vce-post-description--image\" style=\"background-image:url(https:\/\/www.verbatel.com\/wp-content\/uploads\/2024\/03\/mininterno-min-1.png)\"><a href=\"https:\/\/www.verbatel.com\/en\/ministero-degli-interni-monitoraggio-incidenti-stradali-copy\/\" aria-label=\"Strategie e obiettivi per il contrasto dell'incidentalit\u00e0 stradale - Seminario del 5 Marzo 2024\"><\/a><\/div><div class=\"vce-post-description--content\"><p class=\"vce-post-description--meta\"><span>Posted <\/span><span class=\"vce-post-description--meta-date\">on <time datetime=\"2024-03-06 15:16:10\">6 March 2024 <\/time><\/span><\/p><h3 class=\"vce-post-description--title\"><a href=\"https:\/\/www.verbatel.com\/en\/ministero-degli-interni-monitoraggio-incidenti-stradali-copy\/\">Strategie e obiettivi per il contrasto dell'incidentalit\u00e0 stradale - Seminario del 5 Marzo 2024<\/a><\/h3><div class=\"vce-post-description--excerpt\"><p>Si \u00e8 svolto ieri a Roma sotto l\u2019egida del Ministero dell\u2019interno presso la Scuola superiore dell\u2019amministrazione Interno, seminario per un confronto sulle strategie finalizzate al contrasto degli incidenti stradali. Al tavolo gli attori della Raccolta dati, Polizia Stradale, Arma dei Carabinieri e Polizia Locale rappresentata da Anci, ISTAT e per la prima volta i rappresentati&hellip;<\/p>\n<\/div>\n<\/div><\/div><\/article><\/div><div class=\"vce-posts-grid-item\"><article class=\"vce-posts-grid-item-inner\"><div class=\"vce-post-description\" style=\"--titleColor:#003254;--excerptColor:#4e4e4e;--authorColor:#ffce00;--metaColor:rgb(62, 61, 61)\"><div class=\"vce-post-description--image\" style=\"background-image:url(https:\/\/www.verbatel.com\/wp-content\/uploads\/2024\/03\/bolzanoblk.png)\"><a href=\"https:\/\/www.verbatel.com\/en\/bolzano-rilievi-degli-incidenti-stradali-3d\/\" aria-label=\"BOLZANO - Rilievi incidenti stradali 3D\"><\/a><\/div><div class=\"vce-post-description--content\"><p class=\"vce-post-description--meta\"><span>Posted <\/span><span class=\"vce-post-description--meta-date\">on <time datetime=\"2024-02-27 16:03:27\">27 February 2024 <\/time><\/span><\/p><h3 class=\"vce-post-description--title\"><a href=\"https:\/\/www.verbatel.com\/en\/bolzano-rilievi-degli-incidenti-stradali-3d\/\">BOLZANO - Rilievi incidenti stradali 3D<\/a><\/h3><div class=\"vce-post-description--excerpt\"><p>Giornata di formazione ieri alla Polizia Locale di Bolzano, che ha introdotto il Leica BLK 360 per i rilievi degli incidenti stradali. Il personale ha imparato ad operare per acquisire la nuvola di punti 3D in sicurezza, lasciando poi al software le attivit\u00e0 di elaborazione automatizzata e creazione del rilievo tridimensionale convertibile successivamente in una&hellip;<\/p>\n<\/div>\n<\/div><\/div><\/article><\/div><div class=\"vce-posts-grid-item\"><article class=\"vce-posts-grid-item-inner\"><div class=\"vce-post-description\" style=\"--titleColor:#003254;--excerptColor:#4e4e4e;--authorColor:#ffce00;--metaColor:rgb(62, 61, 61)\"><div class=\"vce-post-description--image\" style=\"background-image:url(https:\/\/www.verbatel.com\/wp-content\/uploads\/2023\/01\/INCIDENTISTRADALI.png)\"><a href=\"https:\/\/www.verbatel.com\/en\/sportello-rilascio-atti-2023\/\" aria-label=\"incidentistradali.com raggiunge nel 2023 82.000 atti scaricati online\"><\/a><\/div><div class=\"vce-post-description--content\"><p class=\"vce-post-description--meta\"><span>Posted <\/span><span class=\"vce-post-description--meta-date\">on <time datetime=\"2024-01-08 10:14:58\">8 January 2024 <\/time><\/span><\/p><h3 class=\"vce-post-description--title\"><a href=\"https:\/\/www.verbatel.com\/en\/sportello-rilascio-atti-2023\/\">incidentistradali.com raggiunge nel 2023 82.000 atti scaricati online<\/a><\/h3><div class=\"vce-post-description--excerpt\"><p>Continua la digitalizzazione a livello nazionale per il rilascio atti incidenti stradali. A fine 2023 il portale incidentistradali.com registra\u00a0 60.000 utenti privati e 20.000 utenti qualificati (Assicurazioni, Studi di Investigazione, Legali) con oltre 82.000 richieste di accesso atti. incidentistradali.com \u00e8 il primo portale rilascio atti online per gli incidenti stradali (attivo dal 2005) nel tempo&hellip;<\/p>\n<\/div>\n<\/div><\/div><\/article><\/div><div class=\"vce-posts-grid-item\"><article class=\"vce-posts-grid-item-inner\"><div class=\"vce-post-description\" style=\"--titleColor:#003254;--excerptColor:#4e4e4e;--authorColor:#ffce00;--metaColor:rgb(62, 61, 61)\"><div class=\"vce-post-description--image\" style=\"background-image:url(https:\/\/www.verbatel.com\/wp-content\/uploads\/2023\/09\/RICCIONE_CONVEGNO.png)\"><a href=\"https:\/\/www.verbatel.com\/en\/convegno-riccione-2023-stand-verbatel\/\" aria-label=\"CONVEGNO RICCIONE 2023 - Stand Verbatel\"><\/a><\/div><div class=\"vce-post-description--content\"><p class=\"vce-post-description--meta\"><span>Posted <\/span><span class=\"vce-post-description--meta-date\">on <time datetime=\"2023-09-13 15:47:02\">13 September 2023 <\/time><\/span><\/p><h3 class=\"vce-post-description--title\"><a href=\"https:\/\/www.verbatel.com\/en\/convegno-riccione-2023-stand-verbatel\/\">CONVEGNO RICCIONE 2023 - Stand Verbatel<\/a><\/h3><div class=\"vce-post-description--excerpt\"><p>Come di consueto saremo presenti al Convegno di Riccione per la Polizia Locale che si terr\u00e0 nei giorni gioved\u00ec 21, venerd\u00ec 22 e sabato 23 Settembre. Il nostro stand \u00e8 adiacente alle scale di ingresso del palazzo dei convegni. &nbsp; &nbsp; &nbsp;<\/p>\n<\/div>\n<\/div><\/div><\/article><\/div><div class=\"vce-posts-grid-item\"><article class=\"vce-posts-grid-item-inner\"><div class=\"vce-post-description\" style=\"--titleColor:#003254;--excerptColor:#4e4e4e;--authorColor:#ffce00;--metaColor:rgb(62, 61, 61)\"><div class=\"vce-post-description--image\" style=\"background-image:url(https:\/\/www.verbatel.com\/wp-content\/uploads\/2023\/09\/PALERMO_CO-min.png)\"><a href=\"https:\/\/www.verbatel.com\/en\/polizia-locale-di-palermo-inaugurazione-controll-room\/\" aria-label=\"PALERMO - Inaugurazione Centrale Operativa - presente il Ministro degli Interni\"><\/a><\/div><div class=\"vce-post-description--content\"><p class=\"vce-post-description--meta\"><span>Posted <\/span><span class=\"vce-post-description--meta-date\">on <time datetime=\"2023-09-10 08:57:06\">10 September 2023 <\/time><\/span><\/p><h3 class=\"vce-post-description--title\"><a href=\"https:\/\/www.verbatel.com\/en\/polizia-locale-di-palermo-inaugurazione-controll-room\/\">PALERMO - Inaugurazione Centrale Operativa - presente il Ministro degli Interni<\/a><\/h3><div class=\"vce-post-description--excerpt\"><p>\u201cLa Control Room si presenta come una piattaforma tecnologica in grado di comunicare e collaborare con le altre centrali operative delle forze dell\u2019ordine, mentre per i cittadini rappresenter\u00e0 un sistema dal quale raccogliere informazioni utili e con il quale poter interagire in tempo reale\u201d.Queste le parole del sindaco di Palermo Roberto Lagalla nella nuova Control&hellip;<\/p>\n<\/div>\n<\/div><\/div><\/article><\/div><div class=\"vce-posts-grid-item\"><article class=\"vce-posts-grid-item-inner\"><div class=\"vce-post-description\" style=\"--titleColor:#003254;--excerptColor:#4e4e4e;--authorColor:#ffce00;--metaColor:rgb(62, 61, 61)\"><div class=\"vce-post-description--image\" style=\"background-image:url(https:\/\/www.verbatel.com\/wp-content\/uploads\/2023\/07\/MIN_INTERNO-min.png)\"><a href=\"https:\/\/www.verbatel.com\/en\/trasferimento-dati-ministero-interno-geis-per-monitoraggio-incidenti-stradali-aggiornamento\/\" aria-label=\"TRASFERIMENTO DATI MINISTERO INTERNO GEIS per Monitoraggio Incidenti stradali - Aggiornamento\"><\/a><\/div><div class=\"vce-post-description--content\"><p class=\"vce-post-description--meta\"><span>Posted <\/span><span class=\"vce-post-description--meta-date\">on <time datetime=\"2023-07-20 14:05:39\">20 July 2023 <\/time><\/span><\/p><h3 class=\"vce-post-description--title\"><a href=\"https:\/\/www.verbatel.com\/en\/trasferimento-dati-ministero-interno-geis-per-monitoraggio-incidenti-stradali-aggiornamento\/\">TRASFERIMENTO DATI MINISTERO INTERNO GEIS per Monitoraggio Incidenti stradali - Aggiornamento<\/a><\/h3><div class=\"vce-post-description--excerpt\"><p>Siamo stati informati che il Ministero dell\u2019Interno ha introdotto alcune modifiche nel tracciato-dati richiesto relativo al \u2018Nuovo Applicativo per il monitoraggio degli incidenti stradali\u2019 per il caricamento in GeIS, come da circolare dello scorso 2 marzo. Resta invariata la modalit\u00e0 di trasmissione (verso le locali Prefetture, attraverso un file contenente tutte le informazioni), ma cambiano&hellip;<\/p>\n<\/div>\n<\/div><\/div><\/article><\/div><div class=\"vce-posts-grid-item\"><article class=\"vce-posts-grid-item-inner\"><div class=\"vce-post-description\" style=\"--titleColor:#003254;--excerptColor:#4e4e4e;--authorColor:#ffce00;--metaColor:rgb(62, 61, 61)\"><div class=\"vce-post-description--image\" style=\"background-image:url(https:\/\/www.verbatel.com\/wp-content\/uploads\/2023\/06\/DIGITALIZZAZIONE.png)\"><a href=\"https:\/\/www.verbatel.com\/en\/digitalizzare-i-processi-per-migliorare-lefficienza\/\" aria-label=\"Digitalizzare i processi per migliorare l\u2019efficienza\"><\/a><\/div><div class=\"vce-post-description--content\"><p class=\"vce-post-description--meta\"><span>Posted <\/span><span class=\"vce-post-description--meta-date\">on <time datetime=\"2023-06-09 16:11:50\">9 June 2023 <\/time><\/span><\/p><h3 class=\"vce-post-description--title\"><a href=\"https:\/\/www.verbatel.com\/en\/digitalizzare-i-processi-per-migliorare-lefficienza\/\">Digitalizzare i processi per migliorare l\u2019efficienza<\/a><\/h3><div class=\"vce-post-description--excerpt\"><p>Verbatel affianca le Pubbliche Amministrazioni guidando progetti di digitalizzazione, che da anni consentono\u00a0 di aumentare l\u2019efficienza dell\u2019azione amministrativa e nel contempo rendere un servizio pi\u00f9 immediato al cittadino. Questa impostazione produce un risparmio economico ed organizzativo: dopo aver ripensato i processi, il personale pu\u00f2 essere dedicato ad altre attivit\u00e0. Ad oggi Verbatel ha rilasciato 1000&hellip;<\/p>\n<\/div>\n<\/div><\/div><\/article><\/div><div class=\"vce-posts-grid-item\"><article class=\"vce-posts-grid-item-inner\"><div class=\"vce-post-description\" style=\"--titleColor:#003254;--excerptColor:#4e4e4e;--authorColor:#ffce00;--metaColor:rgb(62, 61, 61)\"><div class=\"vce-post-description--image\" style=\"background-image:url(https:\/\/www.verbatel.com\/wp-content\/uploads\/2023\/04\/ACCESS-min-10.07.44-min-1.png)\"><a href=\"https:\/\/www.verbatel.com\/en\/ministero-degli-interni-monitoraggio-incidenti-stradali\/\" aria-label=\"MINISTERO DELL' INTERNO - Monitoraggio Incidenti Stradali\"><\/a><\/div><div class=\"vce-post-description--content\"><p class=\"vce-post-description--meta\"><span>Posted <\/span><span class=\"vce-post-description--meta-date\">on <time datetime=\"2023-04-27 07:00:28\">27 April 2023 <\/time><\/span><\/p><h3 class=\"vce-post-description--title\"><a href=\"https:\/\/www.verbatel.com\/en\/ministero-degli-interni-monitoraggio-incidenti-stradali\/\">MINISTERO DELL' INTERNO - Monitoraggio Incidenti Stradali<\/a><\/h3><div class=\"vce-post-description--excerpt\"><p>Come sapete nelle scorse settimane il Ministero dell\u2019Interno ha emanato la circolare relativa al \u2018Nuovo Applicativo per il monitoraggio degli incidenti stradali\u2019, e tramite le locali Prefetture, con il supporto dei Dipartimenti della Polizia Stradale, ha distribuito o sta distribuendo un file Access per la raccolta di informazioni relative ai sinistri stradali.<\/p>\n<\/div>\n<\/div><\/div><\/article><\/div><div class=\"vce-posts-grid-item\"><article class=\"vce-posts-grid-item-inner\"><div class=\"vce-post-description\" style=\"--titleColor:#003254;--excerptColor:#4e4e4e;--authorColor:#ffce00;--metaColor:rgb(62, 61, 61)\"><div class=\"vce-post-description--image\" style=\"background-image:url(https:\/\/www.verbatel.com\/wp-content\/uploads\/2023\/02\/Screenshot-2023-04-06-at-17.11.56-1.png)\"><a href=\"https:\/\/www.verbatel.com\/en\/polizia-locale-di-ravenna-app-io-gestione-veicoli-rimossi\/\" aria-label=\"POLIZIA LOCALE DI RAVENNA - App IO - Gestione Veicoli Rimossi\"><\/a><\/div><div class=\"vce-post-description--content\"><p class=\"vce-post-description--meta\"><span>Posted <\/span><span class=\"vce-post-description--meta-date\">on <time datetime=\"2023-02-02 08:31:07\">2 February 2023 <\/time><\/span><\/p><h3 class=\"vce-post-description--title\"><a href=\"https:\/\/www.verbatel.com\/en\/polizia-locale-di-ravenna-app-io-gestione-veicoli-rimossi\/\">POLIZIA LOCALE DI RAVENNA - App IO - Gestione Veicoli Rimossi<\/a><\/h3><div class=\"vce-post-description--excerpt\"><p>Il Comando di Polizia Locale di Ravenna ha integrato utilizzando i finanziamenti del PNRR Rimozione Veicoli, modulo della Piattaforma Intr@PM gia in uso presso il Comando, con l\u2019App IO che permette alle diverse Pubbliche Amministrazioni, locali o nazionali, di raccogliere tutti i servizi, le comunicazioni e i documenti in un unico luogo e di interfacciarsi&hellip;<\/p>\n<\/div>\n<\/div><\/div><\/article><\/div><div class=\"vce-posts-grid-item\"><article class=\"vce-posts-grid-item-inner\"><div class=\"vce-post-description\" style=\"--titleColor:#003254;--excerptColor:#4e4e4e;--authorColor:#ffce00;--metaColor:rgb(62, 61, 61)\"><div class=\"vce-post-description--image\" style=\"background-image:url(https:\/\/www.verbatel.com\/wp-content\/uploads\/2023\/01\/INCIDENTISTRADALI.png)\"><a href=\"https:\/\/www.verbatel.com\/en\/sportello-rilascio-atti\/\" aria-label=\"Sportello rilascio atti raggiunge nel 2022 65.000 copie\"><\/a><\/div><div class=\"vce-post-description--content\"><p class=\"vce-post-description--meta\"><span>Posted <\/span><span class=\"vce-post-description--meta-date\">on <time datetime=\"2023-01-08 09:02:25\">8 January 2023 <\/time><\/span><\/p><h3 class=\"vce-post-description--title\"><a href=\"https:\/\/www.verbatel.com\/en\/sportello-rilascio-atti\/\">Sportello rilascio atti raggiunge nel 2022 65.000 copie<\/a><\/h3><div class=\"vce-post-description--excerpt\"><p>Nell&#8217;anno 2022 la sola piattaforma incidentistradali.com ha gestito oltre 65.000 richieste di accesso atti relativi a sinistri stradali prelevati direttamente dal gestionale Gestinc dopo che gli uffici di polizia hanno autorizzato l\u2019istanza ed il richiedente, cittadino o professionista che sia, ha effettuato il pagamento dei diritti tramite PagoPA identificandosi con Spid e notificato della disponibilit\u00e0&hellip;<\/p>\n<\/div>\n<\/div><\/div><\/article><\/div><div class=\"vce-posts-grid-item\"><article class=\"vce-posts-grid-item-inner\"><div class=\"vce-post-description\" style=\"--titleColor:#003254;--excerptColor:#4e4e4e;--authorColor:#ffce00;--metaColor:rgb(62, 61, 61)\"><div class=\"vce-post-description--image\" style=\"background-image:url(https:\/\/www.verbatel.com\/wp-content\/uploads\/2023\/01\/ASTI.png)\"><a href=\"https:\/\/www.verbatel.com\/en\/polizia-locale-di-asti-gestione-infortunistica-stradale\/\" aria-label=\"POLIZIA LOCALE DI ASTI - Gestione Infortunistica Stradale\"><\/a><\/div><div class=\"vce-post-description--content\"><p class=\"vce-post-description--meta\"><span>Posted <\/span><span class=\"vce-post-description--meta-date\">on <time datetime=\"2023-01-07 16:13:34\">7 January 2023 <\/time><\/span><\/p><h3 class=\"vce-post-description--title\"><a href=\"https:\/\/www.verbatel.com\/en\/polizia-locale-di-asti-gestione-infortunistica-stradale\/\">POLIZIA LOCALE DI ASTI - Gestione Infortunistica Stradale<\/a><\/h3><div class=\"vce-post-description--excerpt\"><p>Da inizio anno l\u2019ufficio infortunistica del Comando di Polizia Locale di Asti ha adottato tutti i moduli della Piattaforma Intr@PM dedicati alla gestione dell\u2019incidentalit\u00e0 sul territorio. L\u2019adozione del software \u00e8 stata recepita con entusiasmo da ufficio e operatori su strada. I moduli attivati per la gestione end-to-end dell\u2019infortunistica ed incidentalit\u00e0 sono: Gestinc Gestincpad Rilev@ incidentistradali.com&hellip;<\/p>\n<\/div>\n<\/div><\/div><\/article><\/div><div class=\"vce-posts-grid-item\"><article class=\"vce-posts-grid-item-inner\"><div class=\"vce-post-description\" style=\"--titleColor:#003254;--excerptColor:#4e4e4e;--authorColor:#ffce00;--metaColor:rgb(62, 61, 61)\"><div class=\"vce-post-description--image\" style=\"background-image:url(https:\/\/www.verbatel.com\/wp-content\/uploads\/2022\/03\/BRINDISI_CO2.jpeg)\"><a href=\"https:\/\/www.verbatel.com\/en\/polizia-locale-di-brindisi-inaugurazione-centrale-operativa\/\" aria-label=\"POLIZIA LOCALE DI BRINDISI - Inaugurazione Centrale Operativa\"><\/a><\/div><div class=\"vce-post-description--content\"><p class=\"vce-post-description--meta\"><span>Posted <\/span><span class=\"vce-post-description--meta-date\">on <time datetime=\"2022-03-04 14:28:28\">4 March 2022 <\/time><\/span><\/p><h3 class=\"vce-post-description--title\"><a href=\"https:\/\/www.verbatel.com\/en\/polizia-locale-di-brindisi-inaugurazione-centrale-operativa\/\">POLIZIA LOCALE DI BRINDISI - Inaugurazione Centrale Operativa<\/a><\/h3><div class=\"vce-post-description--excerpt\"><p>Inaugurazione della nuova Centrale Operativa della Polizia Locale di Brindisi, accolta da rappresentanti di tutte le istituzioni del territorio tra cui Sindaco, Esercito, Carabinieri, Guardia di Finanza e Polizia Stradale. Gli operatori del Comando potranno fare affidamento, oltre al nuovo programma Brogliaccio Elettronico di Centrale Operativa, ad una collaborazione diretta ed attiva con i colleghi&hellip;<\/p>\n<\/div>\n<\/div><\/div><\/article><\/div><\/div><\/div><\/div><\/div><\/div><\/div><\/div><\/div><\/div>\n","protected":false},"excerpt":{"rendered":"<p>NEWS<\/p>\n","protected":false},"author":1,"featured_media":0,"parent":0,"menu_order":0,"comment_status":"closed","ping_status":"closed","template":"","meta":{"footnotes":""},"class_list":["post-2884","page","type-page","status-publish","hentry"],"_links":{"self":[{"href":"https:\/\/www.verbatel.com\/en\/wp-json\/wp\/v2\/pages\/2884","targetHints":{"allow":["GET"]}}],"collection":[{"href":"https:\/\/www.verbatel.com\/en\/wp-json\/wp\/v2\/pages"}],"about":[{"href":"https:\/\/www.verbatel.com\/en\/wp-json\/wp\/v2\/types\/page"}],"author":[{"embeddable":true,"href":"https:\/\/www.verbatel.com\/en\/wp-json\/wp\/v2\/users\/1"}],"replies":[{"embeddable":true,"href":"https:\/\/www.verbatel.com\/en\/wp-json\/wp\/v2\/comments?post=2884"}],"version-history":[{"count":1,"href":"https:\/\/www.verbatel.com\/en\/wp-json\/wp\/v2\/pages\/2884\/revisions"}],"predecessor-version":[{"id":2885,"href":"https:\/\/www.verbatel.com\/en\/wp-json\/wp\/v2\/pages\/2884\/revisions\/2885"}],"wp:attachment":[{"href":"https:\/\/www.verbatel.com\/en\/wp-json\/wp\/v2\/media?parent=2884"}],"curies":[{"name":"wp","href":"https:\/\/api.w.org\/{rel}","templated":true}]}}